{"id":7051,"date":"2023-06-14T16:07:05","date_gmt":"2023-06-14T16:07:05","guid":{"rendered":"https:\/\/petaelektronik.com\/contact\/"},"modified":"2024-07-12T09:24:40","modified_gmt":"2024-07-12T09:24:40","slug":"contact","status":"publish","type":"page","link":"https:\/\/petaelektronik.com\/en\/contact\/","title":{"rendered":"Contact"},"content":{"rendered":"\t\t<div data-elementor-type=\"wp-page\" data-elementor-id=\"7051\" class=\"elementor elementor-7051 elementor-105\">\n\t\t\t\t\t\t<section class=\"elementor-section elementor-top-section elementor-element elementor-element-2f71044 elementor-section-boxed elementor-section-height-default elementor-section-height-default\" data-id=\"2f71044\" data-element_type=\"section\" data-settings=\"{&quot;jet_parallax_layout_list&quot;:[],&quot;background_background&quot;:&quot;classic&quot;}\">\n\t\t\t\t\t\t<div class=\"elementor-container elementor-column-gap-default\">\n\t\t\t\t\t<div class=\"elementor-column elementor-col-100 elementor-top-column elementor-element elementor-element-d7a6619\" data-id=\"d7a6619\" data-element_type=\"column\">\n\t\t\t<div class=\"elementor-widget-wrap elementor-element-populated\">\n\t\t\t\t\t\t<section class=\"elementor-section elementor-inner-section elementor-element elementor-element-7d878f0 elementor-section-boxed elementor-section-height-default elementor-section-height-default\" data-id=\"7d878f0\" data-element_type=\"section\" data-settings=\"{&quot;jet_parallax_layout_list&quot;:[]}\">\n\t\t\t\t\t\t<div class=\"elementor-container elementor-column-gap-default\">\n\t\t\t\t\t<div class=\"elementor-column elementor-col-50 elementor-inner-column elementor-element elementor-element-da8cf4e\" data-id=\"da8cf4e\" data-element_type=\"column\" data-settings=\"{&quot;background_background&quot;:&quot;classic&quot;}\">\n\t\t\t<div class=\"elementor-widget-wrap elementor-element-populated\">\n\t\t\t\t\t\t<div class=\"elementor-element elementor-element-2131790 elementor-widget elementor-widget-heading\" data-id=\"2131790\" data-element_type=\"widget\" data-widget_type=\"heading.default\">\n\t\t\t\t<div class=\"elementor-widget-container\">\n\t\t\t<style>\/*! elementor - v3.23.0 - 05-08-2024 *\/\n.elementor-heading-title{padding:0;margin:0;line-height:1}.elementor-widget-heading .elementor-heading-title[class*=elementor-size-]>a{color:inherit;font-size:inherit;line-height:inherit}.elementor-widget-heading .elementor-heading-title.elementor-size-small{font-size:15px}.elementor-widget-heading .elementor-heading-title.elementor-size-medium{font-size:19px}.elementor-widget-heading .elementor-heading-title.elementor-size-large{font-size:29px}.elementor-widget-heading .elementor-heading-title.elementor-size-xl{font-size:39px}.elementor-widget-heading .elementor-heading-title.elementor-size-xxl{font-size:59px}<\/style><h4 class=\"elementor-heading-title elementor-size-default\">Contact us<\/h4>\t\t<\/div>\n\t\t\t\t<\/div>\n\t\t\t\t<div class=\"elementor-element elementor-element-107fcfd elementor-position-left elementor-vertical-align-middle elementor-view-default elementor-mobile-position-top elementor-widget elementor-widget-icon-box\" data-id=\"107fcfd\" data-element_type=\"widget\" data-widget_type=\"icon-box.default\">\n\t\t\t\t<div class=\"elementor-widget-container\">\n\t\t\t<link rel=\"stylesheet\" href=\"https:\/\/petaelektronik.com\/wp-content\/plugins\/elementor\/assets\/css\/widget-icon-box.min.css\">\t\t<div class=\"elementor-icon-box-wrapper\">\n\n\t\t\t\t\t\t<div class=\"elementor-icon-box-icon\">\n\t\t\t\t<span  class=\"elementor-icon elementor-animation-\">\n\t\t\t\t<i aria-hidden=\"true\" class=\"fas fa-map-marker-alt\"><\/i>\t\t\t\t<\/span>\n\t\t\t<\/div>\n\t\t\t\n\t\t\t\t\t\t<div class=\"elementor-icon-box-content\">\n\n\t\t\t\t\t\t\t\t\t<h6 class=\"elementor-icon-box-title\">\n\t\t\t\t\t\t<span  >\n\t\t\t\t\t\t\tAddress\t\t\t\t\t\t<\/span>\n\t\t\t\t\t<\/h6>\n\t\t\t\t\n\t\t\t\t\t\t\t\t\t<p class=\"elementor-icon-box-description\">\n\t\t\t\t\t\tDenizk\u00f6\u015fkler Mah. Bat Sok. No:18\/A Avc\u0131lar\/Istanbul\t\t\t\t\t<\/p>\n\t\t\t\t\n\t\t\t<\/div>\n\t\t\t\n\t\t<\/div>\n\t\t\t\t<\/div>\n\t\t\t\t<\/div>\n\t\t\t\t<div class=\"elementor-element elementor-element-bb3ba71 elementor-position-left elementor-vertical-align-middle elementor-view-default elementor-mobile-position-top elementor-widget elementor-widget-icon-box\" data-id=\"bb3ba71\" data-element_type=\"widget\" data-widget_type=\"icon-box.default\">\n\t\t\t\t<div class=\"elementor-widget-container\">\n\t\t\t\t\t<div class=\"elementor-icon-box-wrapper\">\n\n\t\t\t\t\t\t<div class=\"elementor-icon-box-icon\">\n\t\t\t\t<a href=\"tel:+905323618982\" class=\"elementor-icon elementor-animation-\" tabindex=\"-1\">\n\t\t\t\t<i aria-hidden=\"true\" class=\"fas fa-phone-alt\"><\/i>\t\t\t\t<\/a>\n\t\t\t<\/div>\n\t\t\t\n\t\t\t\t\t\t<div class=\"elementor-icon-box-content\">\n\n\t\t\t\t\t\t\t\t\t<h6 class=\"elementor-icon-box-title\">\n\t\t\t\t\t\t<a href=\"tel:+905323618982\" >\n\t\t\t\t\t\t\tTelephone\t\t\t\t\t\t<\/a>\n\t\t\t\t\t<\/h6>\n\t\t\t\t\n\t\t\t\t\t\t\t\t\t<p class=\"elementor-icon-box-description\">\n\t\t\t\t\t\t+90 532 361 89 82\t\t\t\t\t<\/p>\n\t\t\t\t\n\t\t\t<\/div>\n\t\t\t\n\t\t<\/div>\n\t\t\t\t<\/div>\n\t\t\t\t<\/div>\n\t\t\t\t<div class=\"elementor-element elementor-element-ca37ecc elementor-position-left elementor-vertical-align-middle elementor-view-default elementor-mobile-position-top elementor-widget elementor-widget-icon-box\" data-id=\"ca37ecc\" data-element_type=\"widget\" data-widget_type=\"icon-box.default\">\n\t\t\t\t<div class=\"elementor-widget-container\">\n\t\t\t\t\t<div class=\"elementor-icon-box-wrapper\">\n\n\t\t\t\t\t\t<div class=\"elementor-icon-box-icon\">\n\t\t\t\t<a href=\"mailto:info@Peta%20Elektronik.com?subject=info@petaelektronik.com%20-%20Web%20\u0130leti\u015fim%20Formu\" class=\"elementor-icon elementor-animation-\" tabindex=\"-1\">\n\t\t\t\t<i aria-hidden=\"true\" class=\"far fa-envelope\"><\/i>\t\t\t\t<\/a>\n\t\t\t<\/div>\n\t\t\t\n\t\t\t\t\t\t<div class=\"elementor-icon-box-content\">\n\n\t\t\t\t\t\t\t\t\t<h6 class=\"elementor-icon-box-title\">\n\t\t\t\t\t\t<a href=\"mailto:info@Peta%20Elektronik.com?subject=info@petaelektronik.com%20-%20Web%20\u0130leti\u015fim%20Formu\" >\n\t\t\t\t\t\t\tEmail\t\t\t\t\t\t<\/a>\n\t\t\t\t\t<\/h6>\n\t\t\t\t\n\t\t\t\t\t\t\t\t\t<p class=\"elementor-icon-box-description\">\n\t\t\t\t\t\tinfo@petaelektronik.com\t\t\t\t\t<\/p>\n\t\t\t\t\n\t\t\t<\/div>\n\t\t\t\n\t\t<\/div>\n\t\t\t\t<\/div>\n\t\t\t\t<\/div>\n\t\t\t\t<div class=\"elementor-element elementor-element-2bc44eb elementor-widget elementor-widget-heading\" data-id=\"2bc44eb\" data-element_type=\"widget\" data-widget_type=\"heading.default\">\n\t\t\t\t<div class=\"elementor-widget-container\">\n\t\t\t<h4 class=\"elementor-heading-title elementor-size-default\">Get Location<\/h4>\t\t<\/div>\n\t\t\t\t<\/div>\n\t\t\t\t<div class=\"elementor-element elementor-element-e854161 elementor-hidden-desktop elementor-hidden-tablet elementor-widget elementor-widget-shortcode\" data-id=\"e854161\" data-element_type=\"widget\" data-widget_type=\"shortcode.default\">\n\t\t\t\t<div class=\"elementor-widget-container\">\n\t\t\t\t\t<div class=\"elementor-shortcode\"><iframe src=\"https:\/\/www.google.com\/maps\/embed?pb=!1m14!1m8!1m3!1d12049.109269018634!2d28.73773!3d40.975408!3m2!1i1024!2i768!4f13.1!3m3!1m2!1s0x6b0a12109d2fdc5f%3A0xcc4cd890d1fa8ad9!2sPeta%20Elektronik!5e0!3m2!1str!2str!4v1706227670053!5m2!1str!2str\" width=\"600\" height=\"300\" style=\"border:0;\" allowfullscreen=\"\" loading=\"lazy\" referrerpolicy=\"no-referrer-when-downgrade\"><\/iframe><\/div>\n\t\t\t\t<\/div>\n\t\t\t\t<\/div>\n\t\t\t\t<div class=\"elementor-element elementor-element-320097e elementor-hidden-mobile elementor-widget elementor-widget-shortcode\" data-id=\"320097e\" data-element_type=\"widget\" data-widget_type=\"shortcode.default\">\n\t\t\t\t<div class=\"elementor-widget-container\">\n\t\t\t\t\t<div class=\"elementor-shortcode\"><iframe src=\"https:\/\/www.google.com\/maps\/embed?pb=!1m14!1m8!1m3!1d12049.109269018634!2d28.73773!3d40.975408!3m2!1i1024!2i768!4f13.1!3m3!1m2!1s0x6b0a12109d2fdc5f%3A0xcc4cd890d1fa8ad9!2sPeta%20Elektronik!5e0!3m2!1str!2str!4v1706227670053!5m2!1str!2str\" width=\"600\" height=\"450\" style=\"border:0;\" allowfullscreen=\"\" loading=\"lazy\" referrerpolicy=\"no-referrer-when-downgrade\"><\/iframe><\/div>\n\t\t\t\t<\/div>\n\t\t\t\t<\/div>\n\t\t\t\t\t<\/div>\n\t\t<\/div>\n\t\t\t\t<div class=\"elementor-column elementor-col-50 elementor-inner-column elementor-element elementor-element-0c5261a\" data-id=\"0c5261a\" data-element_type=\"column\" data-settings=\"{&quot;background_background&quot;:&quot;classic&quot;}\">\n\t\t\t<div class=\"elementor-widget-wrap elementor-element-populated\">\n\t\t\t\t\t\t<div class=\"elementor-element elementor-element-d908dfc elementor-widget elementor-widget-heading\" data-id=\"d908dfc\" data-element_type=\"widget\" data-widget_type=\"heading.default\">\n\t\t\t\t<div class=\"elementor-widget-container\">\n\t\t\t<h4 class=\"elementor-heading-title elementor-size-default\">Write to Us<\/h4>\t\t<\/div>\n\t\t\t\t<\/div>\n\t\t\t\t<div class=\"elementor-element elementor-element-8fe84ab elementor-widget elementor-widget-shortcode\" data-id=\"8fe84ab\" data-element_type=\"widget\" data-widget_type=\"shortcode.default\">\n\t\t\t\t<div class=\"elementor-widget-container\">\n\t\t\t\t\t<div class=\"elementor-shortcode\"><div id=\"quform-e2f887\" class=\"quform quform-5 quform-theme-minimal quform-support-page-caching\"><form id=\"quform-form-e2f887\" class=\"quform-form quform-form-5\" action=\"\/en\/wp-json\/wp\/v2\/pages\/7051#quform-e2f887\" method=\"post\" enctype=\"multipart\/form-data\" novalidate=\"novalidate\" data-options=\"{&quot;id&quot;:5,&quot;uniqueId&quot;:&quot;e2f887&quot;,&quot;theme&quot;:&quot;minimal&quot;,&quot;ajax&quot;:true,&quot;logic&quot;:{&quot;logic&quot;:[],&quot;dependents&quot;:[],&quot;elementIds&quot;:[],&quot;dependentElementIds&quot;:[],&quot;animate&quot;:true},&quot;currentPageId&quot;:1,&quot;errorsIcon&quot;:&quot;&quot;,&quot;updateFancybox&quot;:true,&quot;hasPages&quot;:false,&quot;pages&quot;:[1],&quot;pageProgressType&quot;:&quot;numbers&quot;,&quot;tooltipsEnabled&quot;:true,&quot;tooltipClasses&quot;:&quot;qtip-quform-dark qtip-shadow&quot;,&quot;tooltipMy&quot;:&quot;left center&quot;,&quot;tooltipAt&quot;:&quot;right center&quot;,&quot;isRtl&quot;:false,&quot;scrollOffset&quot;:-50,&quot;scrollSpeed&quot;:800}\"><button class=\"quform-default-submit\" name=\"quform_submit\" type=\"submit\" value=\"submit\" aria-hidden=\"true\" tabindex=\"-1\"><\/button><div class=\"quform-form-inner quform-form-inner-5\"><input type=\"hidden\" name=\"quform_form_id\" value=\"5\" \/><input type=\"hidden\" name=\"quform_form_uid\" value=\"e2f887\" \/><input type=\"hidden\" name=\"quform_count\" value=\"1\" \/><input type=\"hidden\" name=\"form_url\" value=\"https:\/\/petaelektronik.com\/en\/wp-json\/wp\/v2\/pages\/7051\" \/><input type=\"hidden\" name=\"referring_url\" value=\"\" \/><input type=\"hidden\" name=\"post_id\" value=\"\" \/><input type=\"hidden\" name=\"post_title\" value=\"\" \/><input type=\"hidden\" name=\"quform_current_page_id\" value=\"1\" \/><input type=\"hidden\" name=\"quform_csrf_token\" value=\"R5ITCWGg4PXyemBi0pGEHplIQjymon7xaBQ70KIc\" \/><div class=\"quform-elements quform-elements-5 quform-cf quform-responsive-elements-phone-landscape\"><div class=\"quform-element quform-element-page quform-page-1 quform-page-5_1 quform-cf quform-group-style-plain quform-first-page quform-last-page quform-current-page\"><div class=\"quform-child-elements\"><div class=\"quform-element quform-element-name quform-element-5_4 quform-cf quform-element-required\"><div class=\"quform-spacer\"><div class=\"quform-inner quform-inner-name quform-inner-5_4\"><div class=\"quform-input quform-input-name quform-input-5_4 quform-cf\"><div class=\"quform-element-row quform-1-columns quform-element-row-size-fixed quform-responsive-columns-phone-landscape\"><div class=\"quform-element-column\"><div class=\"quform-element quform-element-text quform-element-5_4_2 quform-cf quform-element-required\"><div class=\"quform-spacer\"><div class=\"quform-inner quform-inner-text quform-inner-5_4_2\"><div class=\"quform-input quform-input-text quform-input-5_4_2 quform-cf\"><input type=\"text\" id=\"quform_5_4_2_e2f887\" name=\"quform_5_4[2]\" class=\"quform-field quform-field-text quform-field-5_4_2\" placeholder=\"Ad Soyad\" \/><\/div><\/div><\/div><\/div><\/div><\/div><\/div><\/div><\/div><\/div><div class=\"quform-element quform-element-text quform-element-5_5 quform-cf quform-element-required\"><div class=\"quform-spacer\"><div class=\"quform-inner quform-inner-text quform-inner-5_5\"><div class=\"quform-input quform-input-text quform-input-5_5 quform-cf\"><input type=\"text\" id=\"quform_5_5_e2f887\" name=\"quform_5_5\" class=\"quform-field quform-field-text quform-field-5_5\" placeholder=\"Telefon\" \/><\/div><\/div><\/div><\/div><div class=\"quform-element quform-element-email quform-element-5_3 quform-cf quform-element-required\"><div class=\"quform-spacer\"><div class=\"quform-inner quform-inner-email quform-inner-5_3\"><div class=\"quform-input quform-input-email quform-input-5_3 quform-cf\"><input type=\"email\" id=\"quform_5_3_e2f887\" name=\"quform_5_3\" class=\"quform-field quform-field-email quform-field-5_3\" placeholder=\"E-Posta Adresi\" \/><\/div><\/div><\/div><\/div><div class=\"quform-element quform-element-textarea quform-element-5_6 quform-cf quform-element-required\"><div class=\"quform-spacer\"><div class=\"quform-inner quform-inner-textarea quform-inner-5_6\"><div class=\"quform-input quform-input-textarea quform-input-5_6 quform-cf\"><textarea id=\"quform_5_6_e2f887\" name=\"quform_5_6\" class=\"quform-field quform-field-textarea quform-field-5_6\" placeholder=\"Mesaj\u0131n\u0131z\"><\/textarea><\/div><\/div><\/div><\/div><div class=\"quform-element quform-element-captcha quform-element-5_7 quform-cf quform-element-required\"><div class=\"quform-spacer\"><div class=\"quform-inner quform-inner-captcha quform-inner-5_7\"><p class=\"quform-description quform-description-above\">Spam mesajlar\u0131 \u00f6nlememize yard\u0131mc\u0131 olur, Te\u015fekk\u00fcrler.<\/p><div class=\"quform-input quform-input-captcha quform-input-5_7 quform-cf\"><input type=\"text\" id=\"quform_5_7_e2f887\" name=\"quform_5_7\" class=\"quform-field quform-field-captcha quform-field-5_7\" placeholder=\"Karakterleri Giriniz\" \/><\/div><div class=\"quform-captcha quform-cf\"><div class=\"quform-captcha-image quform-captcha-image-5_7\"><img decoding=\"async\" class=\"quform-captcha-image-img\" src=\"data:image\/png;base64,iVBORw0KGgoAAAANSUhEUgAAAOYAAABQBAMAAAD\/1xTgAAAAG1BMVEX\/\/\/8iIiKQkJA9PT2srKx0dHRZWVnHx8fj4+O\/ptWVAAAAAnRSTlMAAHaTzTgAAAAJcEhZcwAADsQAAA7EAZUrDhsAAAPWSURBVGiB7VhLT9tAEHb8wD52GuJwxGmJOOK2II5YVKLHGErpEUfQcsQ0UI42CNqf3Z1dP9Zex86CZKnSfpcE49lvdx7fzEbTFBQUFBQUFBT+G9h7SfbtZrsvTgOuti4PyBcT4LonzhSGAENyxAHAfk+cMVBsIufbfjlh2wJwe+Ikvj16h6R7L+FcTCZHL+Eca07EzjqStLVDtNqVTr0U3miazjjXJSmzrbqJJGeMnFlUN+RMvSwVZPeqBZTJoV46kLJE57iTSSRtqIUknohFIBvOmB0QtzuW5WSeITJ0LmdJDphklpIJn3N6soYOkS8tM5VUTRZPzeKP6dyvYGhDLpYDlDEZ6D9wj6RCuWMGqySFXRT0GsBMipPhsRJNoPXTAYfnPG95b4nfbR+GCb9aU6Xe1GQuyvPVaD1nCpdfmp4\/VlnChn3TCt5Nyp2hEaMKWuMZoF0Da1S1Mo\/FV5jouPCz3MX0gn36rXnrZb2yBrNIe4R++V7sFWauc2JFHbbXp+6j2Y5ezEAMRkUyg6ZtpSRhJuheoa\/fdQk1JjjMIpiZXznauGKFei\/kRED95wl6bp\/giq2SYMPw5vSBUBDrefGmV0l2Z+GL5wxpXZj1I91Sx121URJOl\/ppTFvfPHvq1zpDJG48Yk6tVq5JuxGctVIyTmwE7O2Mqe4dn4k3j5Blmc875I6uMe\/SWoeYooCM7WmZwRjkylu1PxEx8yDv9eeVGBmnBVRAythXS4XqkGBoMR9GZRCwLFcahXC5lFT2OiEa\/v2t5ZyVArOrW2DABLjQfpX\/ITL0ia05nSetpIQzhFPCaZRZr9cmPlOscf3MxAz9wGlflM9eRtcFAIAc9YnwebBTctQ5hSklhGs6WJb\/IEkw8vHOgaXb3u4BnmFkwbrDlYdZUxddFBt828HR+zx\/YuV3DiqorXH1gQwGhNPiYubU1MUShkeHrXrHHdQoZtu4SSurnD7MyKIpv65X7V1rwhyXceKR8keDTPP3Nd3t4MT0SwhnpUXW5h9D4LSzVQdQqAX56vpMV\/SOATdC91gwagvBQOgTeuZ9jtPAon5A797HIOpWjXODxr9lgB4I4xAGD5t1WGYBTvEJJe28XNE5wmpveWlZRsUTXHhywiU4kSHkpwLYMY1buCe9qUOWiIU14nxK4Ko\/ZlE\/hO6L2Z+EDRpLXrOv0Rf1DRmwkd37yixwPrPP24+rXUD9Zdc3xx9h1DbrO\/l2wC6b31dZvRlPe0u2pqMD\/OacXmwdNw6qr4VOEuO5t98yGOiMJnudfC08bmTpC86U\/iimoKCgoKCg0Dv+AQBelx+GFjPIAAAAAElFTkSuQmCC\" alt=\"CAPTCHA image\" data-element-id=\"7\" width=\"115\" height=\"40\" \/><\/div><\/div><\/div><\/div><\/div><div class=\"quform-element quform-element-submit quform-element-5_2 quform-cf quform-button-style-theme quform-button-size-fat quform-button-width-medium\"><div class=\"quform-button-submit quform-button-submit-default quform-button-submit-5_2 quform-button-icon-left\"><button name=\"quform_submit\" type=\"submit\" class=\"quform-submit\" value=\"submit\"><span class=\"quform-button-icon quform-button-submit-icon\"><i class=\"fa fa-envelope-o\"><\/i><\/span><span class=\"quform-button-text quform-button-submit-text\">Mesaj\u0131 G\u00f6nder<\/span><\/button><\/div><div class=\"quform-loading quform-loading-position-left quform-loading-type-spinner-1\"><div class=\"quform-loading-inner\"><div class=\"quform-loading-spinner\"><div class=\"quform-loading-spinner-inner\"><\/div><\/div><\/div><\/div><\/div><div class=\"quform-element-tree\"><label for=\"quform_5_0_e2f887\">This field should be left blank<\/label><input type=\"text\" id=\"quform_5_0_e2f887\" name=\"quform_5_0\" class=\"quform-field quform-field-tree quform-field-5_0\" tabindex=\"-1\" autocomplete=\"off\" \/><\/div><\/div><\/div><\/div><\/div><\/form><\/div><\/div>\n\t\t\t\t<\/div>\n\t\t\t\t<\/div>\n\t\t\t\t\t<\/div>\n\t\t<\/div>\n\t\t\t\t\t<\/div>\n\t\t<\/section>\n\t\t\t\t\t<\/div>\n\t\t<\/div>\n\t\t\t\t\t<\/div>\n\t\t<\/section>\n\t\t\t\t<\/div>\n\t\t","protected":false},"excerpt":{"rendered":"<p>Contact us Address Denizk\u00f6\u015fkler Mah. Bat Sok. No:18\/A Avc\u0131lar\/Istanbul Telephone +90 532 361 89 82 Email info@petaelektronik.com Get Location Write to Us<\/p>\n","protected":false},"author":1,"featured_media":7021,"parent":0,"menu_order":0,"comment_status":"closed","ping_status":"closed","template":"","meta":{"footnotes":""},"class_list":["post-7051","page","type-page","status-publish","has-post-thumbnail","hentry"],"yoast_head":"<!-- This site is optimized with the Yoast SEO plugin v23.3 - https:\/\/yoast.com\/wordpress\/plugins\/seo\/ -->\n<title>Contact - Peta Elektronik<\/title>\n<meta name=\"robots\" content=\"index, follow, max-snippet:-1, max-image-preview:large, max-video-preview:-1\" \/>\n<link rel=\"canonical\" href=\"https:\/\/petaelektronik.com\/en\/contact\/\" \/>\n<meta property=\"og:locale\" content=\"en_US\" \/>\n<meta property=\"og:type\" content=\"article\" \/>\n<meta property=\"og:title\" content=\"Contact - Peta Elektronik\" \/>\n<meta property=\"og:description\" content=\"Contact us Address Denizk\u00f6\u015fkler Mah. Bat Sok. No:18\/A Avc\u0131lar\/Istanbul Telephone +90 532 361 89 82 Email info@petaelektronik.com Get Location Write to Us\" \/>\n<meta property=\"og:url\" content=\"https:\/\/petaelektronik.com\/en\/contact\/\" \/>\n<meta property=\"og:site_name\" content=\"Peta Elektronik\" \/>\n<meta property=\"article:publisher\" content=\"https:\/\/www.facebook.com\/petaelektronik\" \/>\n<meta property=\"article:modified_time\" content=\"2024-07-12T09:24:40+00:00\" \/>\n<meta property=\"og:image\" content=\"https:\/\/petaelektronik.com\/wp-content\/uploads\/2024\/01\/contact-page-image-jpg.webp\" \/>\n\t<meta property=\"og:image:width\" content=\"1920\" \/>\n\t<meta property=\"og:image:height\" content=\"1280\" \/>\n\t<meta property=\"og:image:type\" content=\"image\/jpeg\" \/>\n<meta name=\"twitter:card\" content=\"summary_large_image\" \/>\n<script type=\"application\/ld+json\" class=\"yoast-schema-graph\">{\"@context\":\"https:\/\/schema.org\",\"@graph\":[{\"@type\":\"WebPage\",\"@id\":\"https:\/\/petaelektronik.com\/en\/contact\/\",\"url\":\"https:\/\/petaelektronik.com\/en\/contact\/\",\"name\":\"Contact - Peta Elektronik\",\"isPartOf\":{\"@id\":\"https:\/\/petaelektronik.com\/en\/#website\"},\"primaryImageOfPage\":{\"@id\":\"https:\/\/petaelektronik.com\/en\/contact\/#primaryimage\"},\"image\":{\"@id\":\"https:\/\/petaelektronik.com\/en\/contact\/#primaryimage\"},\"thumbnailUrl\":\"https:\/\/petaelektronik.com\/wp-content\/uploads\/2024\/01\/contact-page-image-jpg.webp\",\"datePublished\":\"2023-06-14T16:07:05+00:00\",\"dateModified\":\"2024-07-12T09:24:40+00:00\",\"breadcrumb\":{\"@id\":\"https:\/\/petaelektronik.com\/en\/contact\/#breadcrumb\"},\"inLanguage\":\"en-US\",\"potentialAction\":[{\"@type\":\"ReadAction\",\"target\":[\"https:\/\/petaelektronik.com\/en\/contact\/\"]}]},{\"@type\":\"ImageObject\",\"inLanguage\":\"en-US\",\"@id\":\"https:\/\/petaelektronik.com\/en\/contact\/#primaryimage\",\"url\":\"https:\/\/petaelektronik.com\/wp-content\/uploads\/2024\/01\/contact-page-image-jpg.webp\",\"contentUrl\":\"https:\/\/petaelektronik.com\/wp-content\/uploads\/2024\/01\/contact-page-image-jpg.webp\",\"width\":1920,\"height\":1280},{\"@type\":\"BreadcrumbList\",\"@id\":\"https:\/\/petaelektronik.com\/en\/contact\/#breadcrumb\",\"itemListElement\":[{\"@type\":\"ListItem\",\"position\":1,\"name\":\"Anasayfa\",\"item\":\"https:\/\/petaelektronik.com\/en\/homepage\/\"},{\"@type\":\"ListItem\",\"position\":2,\"name\":\"Contact\"}]},{\"@type\":\"WebSite\",\"@id\":\"https:\/\/petaelektronik.com\/en\/#website\",\"url\":\"https:\/\/petaelektronik.com\/en\/\",\"name\":\"Peta Elektronik\",\"description\":\"Elektronik Komponent, PBC, Robotik, Devre Elemanlar\u0131\",\"publisher\":{\"@id\":\"https:\/\/petaelektronik.com\/en\/#organization\"},\"potentialAction\":[{\"@type\":\"SearchAction\",\"target\":{\"@type\":\"EntryPoint\",\"urlTemplate\":\"https:\/\/petaelektronik.com\/en\/?s={search_term_string}\"},\"query-input\":\"required name=search_term_string\"}],\"inLanguage\":\"en-US\"},{\"@type\":\"Organization\",\"@id\":\"https:\/\/petaelektronik.com\/en\/#organization\",\"name\":\"Peta Elektronik\",\"url\":\"https:\/\/petaelektronik.com\/en\/\",\"logo\":{\"@type\":\"ImageObject\",\"inLanguage\":\"en-US\",\"@id\":\"https:\/\/petaelektronik.com\/en\/#\/schema\/logo\/image\/\",\"url\":\"https:\/\/petaelektronik.com\/wp-content\/uploads\/2024\/01\/logo.svg\",\"contentUrl\":\"https:\/\/petaelektronik.com\/wp-content\/uploads\/2024\/01\/logo.svg\",\"width\":234.07001,\"height\":102.41,\"caption\":\"Peta Elektronik\"},\"image\":{\"@id\":\"https:\/\/petaelektronik.com\/en\/#\/schema\/logo\/image\/\"},\"sameAs\":[\"https:\/\/www.facebook.com\/petaelektronik\",\"https:\/\/www.instagram.com\/petaelektronik\"]}]}<\/script>\n<!-- \/ Yoast SEO plugin. -->","yoast_head_json":{"title":"Contact - Peta Elektronik","robots":{"index":"index","follow":"follow","max-snippet":"max-snippet:-1","max-image-preview":"max-image-preview:large","max-video-preview":"max-video-preview:-1"},"canonical":"https:\/\/petaelektronik.com\/en\/contact\/","og_locale":"en_US","og_type":"article","og_title":"Contact - Peta Elektronik","og_description":"Contact us Address Denizk\u00f6\u015fkler Mah. Bat Sok. No:18\/A Avc\u0131lar\/Istanbul Telephone +90 532 361 89 82 Email info@petaelektronik.com Get Location Write to Us","og_url":"https:\/\/petaelektronik.com\/en\/contact\/","og_site_name":"Peta Elektronik","article_publisher":"https:\/\/www.facebook.com\/petaelektronik","article_modified_time":"2024-07-12T09:24:40+00:00","og_image":[{"width":1920,"height":1280,"url":"https:\/\/petaelektronik.com\/wp-content\/uploads\/2024\/01\/contact-page-image-jpg.webp","type":"image\/jpeg"}],"twitter_card":"summary_large_image","schema":{"@context":"https:\/\/schema.org","@graph":[{"@type":"WebPage","@id":"https:\/\/petaelektronik.com\/en\/contact\/","url":"https:\/\/petaelektronik.com\/en\/contact\/","name":"Contact - Peta Elektronik","isPartOf":{"@id":"https:\/\/petaelektronik.com\/en\/#website"},"primaryImageOfPage":{"@id":"https:\/\/petaelektronik.com\/en\/contact\/#primaryimage"},"image":{"@id":"https:\/\/petaelektronik.com\/en\/contact\/#primaryimage"},"thumbnailUrl":"https:\/\/petaelektronik.com\/wp-content\/uploads\/2024\/01\/contact-page-image-jpg.webp","datePublished":"2023-06-14T16:07:05+00:00","dateModified":"2024-07-12T09:24:40+00:00","breadcrumb":{"@id":"https:\/\/petaelektronik.com\/en\/contact\/#breadcrumb"},"inLanguage":"en-US","potentialAction":[{"@type":"ReadAction","target":["https:\/\/petaelektronik.com\/en\/contact\/"]}]},{"@type":"ImageObject","inLanguage":"en-US","@id":"https:\/\/petaelektronik.com\/en\/contact\/#primaryimage","url":"https:\/\/petaelektronik.com\/wp-content\/uploads\/2024\/01\/contact-page-image-jpg.webp","contentUrl":"https:\/\/petaelektronik.com\/wp-content\/uploads\/2024\/01\/contact-page-image-jpg.webp","width":1920,"height":1280},{"@type":"BreadcrumbList","@id":"https:\/\/petaelektronik.com\/en\/contact\/#breadcrumb","itemListElement":[{"@type":"ListItem","position":1,"name":"Anasayfa","item":"https:\/\/petaelektronik.com\/en\/homepage\/"},{"@type":"ListItem","position":2,"name":"Contact"}]},{"@type":"WebSite","@id":"https:\/\/petaelektronik.com\/en\/#website","url":"https:\/\/petaelektronik.com\/en\/","name":"Peta Elektronik","description":"Elektronik Komponent, PBC, Robotik, Devre Elemanlar\u0131","publisher":{"@id":"https:\/\/petaelektronik.com\/en\/#organization"},"potentialAction":[{"@type":"SearchAction","target":{"@type":"EntryPoint","urlTemplate":"https:\/\/petaelektronik.com\/en\/?s={search_term_string}"},"query-input":"required name=search_term_string"}],"inLanguage":"en-US"},{"@type":"Organization","@id":"https:\/\/petaelektronik.com\/en\/#organization","name":"Peta Elektronik","url":"https:\/\/petaelektronik.com\/en\/","logo":{"@type":"ImageObject","inLanguage":"en-US","@id":"https:\/\/petaelektronik.com\/en\/#\/schema\/logo\/image\/","url":"https:\/\/petaelektronik.com\/wp-content\/uploads\/2024\/01\/logo.svg","contentUrl":"https:\/\/petaelektronik.com\/wp-content\/uploads\/2024\/01\/logo.svg","width":234.07001,"height":102.41,"caption":"Peta Elektronik"},"image":{"@id":"https:\/\/petaelektronik.com\/en\/#\/schema\/logo\/image\/"},"sameAs":["https:\/\/www.facebook.com\/petaelektronik","https:\/\/www.instagram.com\/petaelektronik"]}]}},"_links":{"self":[{"href":"https:\/\/petaelektronik.com\/en\/wp-json\/wp\/v2\/pages\/7051","targetHints":{"allow":["GET"]}}],"collection":[{"href":"https:\/\/petaelektronik.com\/en\/wp-json\/wp\/v2\/pages"}],"about":[{"href":"https:\/\/petaelektronik.com\/en\/wp-json\/wp\/v2\/types\/page"}],"author":[{"embeddable":true,"href":"https:\/\/petaelektronik.com\/en\/wp-json\/wp\/v2\/users\/1"}],"replies":[{"embeddable":true,"href":"https:\/\/petaelektronik.com\/en\/wp-json\/wp\/v2\/comments?post=7051"}],"version-history":[{"count":0,"href":"https:\/\/petaelektronik.com\/en\/wp-json\/wp\/v2\/pages\/7051\/revisions"}],"wp:featuredmedia":[{"embeddable":true,"href":"https:\/\/petaelektronik.com\/en\/wp-json\/wp\/v2\/media\/7021"}],"wp:attachment":[{"href":"https:\/\/petaelektronik.com\/en\/wp-json\/wp\/v2\/media?parent=7051"}],"curies":[{"name":"wp","href":"https:\/\/api.w.org\/{rel}","templated":true}]}}